{"id":10,"date":"2023-06-03T14:49:31","date_gmt":"2023-06-03T14:49:31","guid":{"rendered":"http:\/\/www.burkinasaracanarias.org\/web2\/?page_id=10"},"modified":"2023-06-03T15:49:48","modified_gmt":"2023-06-03T15:49:48","slug":"quienes-somos","status":"publish","type":"page","link":"https:\/\/www.burkinasaracanarias.org\/web2\/quienes-somos\/","title":{"rendered":"\u00bfQui\u00e9nes somos?"},"content":{"rendered":"\n<p><strong>Presentaci\u00f3n<\/strong><\/p>\n\n\n\n<p>La ayuda humanitaria nace de un sentimiento de igualdad hacia todo ser humano, es un camino que no tiene final mientras haya personas y pueblos que no tengan los recursos necesarios para su desarrollo.<\/p>\n\n\n\n<p>Esta Asociaci\u00f3n inicia una trayectoria que busca encontrar soluciones en esta&nbsp;<a href=\"https:\/\/es.wikipedia.org\/wiki\/Burkina_Faso\" target=\"_blank\" rel=\"noreferrer noopener\">zona tan desfavorecida de \u00c1frica<\/a>&nbsp;y desea aportar las herramientas necesarias para una vida digna.<\/p>\n\n\n\n<p><br><strong>Or\u00edgenes<\/strong><\/p>\n\n\n\n<p>Somos un grupo de personas dedicadas a distintas ramas profesionales que habiendo hecho anteriormente trabajos de voluntariado y cooperaci\u00f3n en otros pa\u00edses, decidimos viajar a Burkina Faso en los meses de Octubre y Noviembre del 2007 con la finalidad de conocer m\u00e1s de cerca este pa\u00eds.<\/p>\n\n\n\n<p>Tras llevar a cabo un an\u00e1lisis de la realidad social, sanitaria y educativa tomamos la decisi\u00f3n de colaborar en el desarrollo del pueblo africano, habiendo adquirido un compromiso oficial como Asociaci\u00f3n Burkinasara Canarias.<\/p>\n\n\n\n<p>Su nombre es la mezcla del nombre del pa\u00eds con la palabra \u201c<strong>nasara<\/strong>\u201d, utilizada para llamarnos a los blancos en el dialecto mor\u00e9.<\/p>\n","protected":false},"excerpt":{"rendered":"<p>Presentaci\u00f3n La ayuda humanitaria nace de un sentimiento de igualdad hacia todo ser humano, es un camino que no tiene final mientras haya personas y pueblos que no tengan los recursos necesarios para su desarrollo. Esta Asociaci\u00f3n inicia una trayectoria que busca encontrar soluciones en esta&nbsp;zona tan desfavorecida de \u00c1frica&nbsp;y desea aportar las herramientas necesarias [&hellip;]<\/p>\n","protected":false},"author":1,"featured_media":0,"parent":0,"menu_order":2,"comment_status":"closed","ping_status":"closed","template":"","meta":{"footnotes":""},"class_list":["post-10","page","type-page","status-publish","hentry"],"_links":{"self":[{"href":"https:\/\/www.burkinasaracanarias.org\/web2\/wp-json\/wp\/v2\/pages\/10","targetHints":{"allow":["GET"]}}],"collection":[{"href":"https:\/\/www.burkinasaracanarias.org\/web2\/wp-json\/wp\/v2\/pages"}],"about":[{"href":"https:\/\/www.burkinasaracanarias.org\/web2\/wp-json\/wp\/v2\/types\/page"}],"author":[{"embeddable":true,"href":"https:\/\/www.burkinasaracanarias.org\/web2\/wp-json\/wp\/v2\/users\/1"}],"replies":[{"embeddable":true,"href":"https:\/\/www.burkinasaracanarias.org\/web2\/wp-json\/wp\/v2\/comments?post=10"}],"version-history":[{"count":1,"href":"https:\/\/www.burkinasaracanarias.org\/web2\/wp-json\/wp\/v2\/pages\/10\/revisions"}],"predecessor-version":[{"id":11,"href":"https:\/\/www.burkinasaracanarias.org\/web2\/wp-json\/wp\/v2\/pages\/10\/revisions\/11"}],"wp:attachment":[{"href":"https:\/\/www.burkinasaracanarias.org\/web2\/wp-json\/wp\/v2\/media?parent=10"}],"curies":[{"name":"wp","href":"https:\/\/api.w.org\/{rel}","templated":true}]}}