{"id":13,"date":"2023-06-03T14:50:42","date_gmt":"2023-06-03T14:50:42","guid":{"rendered":"http:\/\/www.burkinasaracanarias.org\/web2\/?page_id=13"},"modified":"2023-06-03T15:48:16","modified_gmt":"2023-06-03T15:48:16","slug":"que-hacemos","status":"publish","type":"page","link":"https:\/\/www.burkinasaracanarias.org\/web2\/que-hacemos\/","title":{"rendered":"\u00bfQu\u00e9 hacemos?"},"content":{"rendered":"\n<p><strong>Qu\u00e9 Hacemos<\/strong><\/p>\n\n\n\n<p>La Asociaci\u00f3n gestiona un programa de Mejora de Salud en la provincia de&nbsp;<a href=\"https:\/\/es.wikipedia.org\/wiki\/Manga_(departamento)\" target=\"_blank\" rel=\"noreferrer noopener\">Zoundw\u00e9ogo<\/a>. \u00c9ste contiene una serie de proyectos que tienen como fin ayudar a sus habitantes en el \u00e1mbito sanitario y proporcionar una mejora en su calidad de vida.<\/p>\n\n\n\n<p>Nuestra primera l\u00ednea de trabajo la dirigimos al dise\u00f1o de un proyecto de lucha contra el paludismo por ser el mayor problema de salud p\u00fablica que presenta el pa\u00eds, pero nos dimos cuenta de que hab\u00edan muchos eslabones que estaban encadenados y que ten\u00edamos que ir corrigiendo. Eslabones, entre otros, tan importantes como la desnutrici\u00f3n y la educaci\u00f3n socio-sanitaria.<\/p>\n\n\n\n<p><strong>Nuestros objetivos son:<\/strong><\/p>\n\n\n\n<p>Disminuir la tasa de morbi-mortalidad infantil producida por el paludismo.<br>Mejorar la calidad educativa en las escuelas.<br>Reducir el alto \u00edndice de desnutrici\u00f3n infantil.<br>Aumentar la esperanza de vida de sus habitantes.<br><br><strong>NUESTROS PROYECTOS:<\/strong><\/p>\n\n\n\n<p>Lucha contra el Paludismo<br>Desnutrici\u00f3n Infantil<br>Escuela de Basgana<br>Dispensario de Basgana<br>Maternidad de Basgana<br>Becas en la Universidad<br>Hospital de Manga<br>Otras Actividades<\/p>\n","protected":false},"excerpt":{"rendered":"<p>Qu\u00e9 Hacemos La Asociaci\u00f3n gestiona un programa de Mejora de Salud en la provincia de&nbsp;Zoundw\u00e9ogo. \u00c9ste contiene una serie de proyectos que tienen como fin ayudar a sus habitantes en el \u00e1mbito sanitario y proporcionar una mejora en su calidad de vida. Nuestra primera l\u00ednea de trabajo la dirigimos al dise\u00f1o de un proyecto de [&hellip;]<\/p>\n","protected":false},"author":1,"featured_media":0,"parent":0,"menu_order":3,"comment_status":"closed","ping_status":"closed","template":"","meta":{"footnotes":""},"class_list":["post-13","page","type-page","status-publish","hentry"],"_links":{"self":[{"href":"https:\/\/www.burkinasaracanarias.org\/web2\/wp-json\/wp\/v2\/pages\/13","targetHints":{"allow":["GET"]}}],"collection":[{"href":"https:\/\/www.burkinasaracanarias.org\/web2\/wp-json\/wp\/v2\/pages"}],"about":[{"href":"https:\/\/www.burkinasaracanarias.org\/web2\/wp-json\/wp\/v2\/types\/page"}],"author":[{"embeddable":true,"href":"https:\/\/www.burkinasaracanarias.org\/web2\/wp-json\/wp\/v2\/users\/1"}],"replies":[{"embeddable":true,"href":"https:\/\/www.burkinasaracanarias.org\/web2\/wp-json\/wp\/v2\/comments?post=13"}],"version-history":[{"count":1,"href":"https:\/\/www.burkinasaracanarias.org\/web2\/wp-json\/wp\/v2\/pages\/13\/revisions"}],"predecessor-version":[{"id":14,"href":"https:\/\/www.burkinasaracanarias.org\/web2\/wp-json\/wp\/v2\/pages\/13\/revisions\/14"}],"wp:attachment":[{"href":"https:\/\/www.burkinasaracanarias.org\/web2\/wp-json\/wp\/v2\/media?parent=13"}],"curies":[{"name":"wp","href":"https:\/\/api.w.org\/{rel}","templated":true}]}}