{"id":21,"date":"2023-06-03T15:01:06","date_gmt":"2023-06-03T15:01:06","guid":{"rendered":"http:\/\/www.burkinasaracanarias.org\/web2\/?page_id=21"},"modified":"2023-06-03T15:46:01","modified_gmt":"2023-06-03T15:46:01","slug":"donaciones","status":"publish","type":"page","link":"https:\/\/www.burkinasaracanarias.org\/web2\/donaciones\/","title":{"rendered":"Donaciones"},"content":{"rendered":"\n<p>Nuestra asociaci\u00f3n es una asociaci\u00f3n sin \u00e1nimo de lucro y dependemos de las DONACIONES para poder llevar a cabo estos proyectos humanitarios en el lugar fuente (Burkina-Faso)<\/p>\n\n\n\n<p>Todas las colaboraciones son bienvenidas y la \u00fanica forma de realizarlas es el INGRESO o la&nbsp; TRANSFERENCIA BANCARIA.<\/p>\n\n\n\n<p>Nuestra cuenta en el Banco de Santander S.A. es la siguiente:<\/p>\n\n\n\n<p><strong>Concepto:<\/strong>&nbsp;DONACIONES PROYECTOS EN MANGA (BURKINA)<\/p>\n\n\n\n<p>ES43 0049 5370 15 2516048109<\/p>\n\n\n\n<p><strong>Si deseas colaborar con nosotros de otra forma<\/strong>, tambi\u00e9n puedes ayudar en esta noble causa humanitaria,&nbsp;<strong>comprando nuestro almanaque<\/strong>&nbsp;anual que tiene im\u00e1genes sobre nuestra labor y que puedes solicitarnos poni\u00e9ndote en contacto con nosotras a trav\u00e9s de nuestro email o tel\u00e9fono.&nbsp;<a href=\"http:\/\/www.burkinasaracanarias.org\/web\/index.php\/es\/contactar\">Para ello, entra en contactar pulsando aqu\u00ed.<\/a><\/p>\n","protected":false},"excerpt":{"rendered":"<p>Nuestra asociaci\u00f3n es una asociaci\u00f3n sin \u00e1nimo de lucro y dependemos de las DONACIONES para poder llevar a cabo estos proyectos humanitarios en el lugar fuente (Burkina-Faso) Todas las colaboraciones son bienvenidas y la \u00fanica forma de realizarlas es el INGRESO o la&nbsp; TRANSFERENCIA BANCARIA. Nuestra cuenta en el Banco de Santander S.A. es la [&hellip;]<\/p>\n","protected":false},"author":1,"featured_media":0,"parent":0,"menu_order":8,"comment_status":"closed","ping_status":"closed","template":"","meta":{"footnotes":""},"class_list":["post-21","page","type-page","status-publish","hentry"],"_links":{"self":[{"href":"https:\/\/www.burkinasaracanarias.org\/web2\/wp-json\/wp\/v2\/pages\/21","targetHints":{"allow":["GET"]}}],"collection":[{"href":"https:\/\/www.burkinasaracanarias.org\/web2\/wp-json\/wp\/v2\/pages"}],"about":[{"href":"https:\/\/www.burkinasaracanarias.org\/web2\/wp-json\/wp\/v2\/types\/page"}],"author":[{"embeddable":true,"href":"https:\/\/www.burkinasaracanarias.org\/web2\/wp-json\/wp\/v2\/users\/1"}],"replies":[{"embeddable":true,"href":"https:\/\/www.burkinasaracanarias.org\/web2\/wp-json\/wp\/v2\/comments?post=21"}],"version-history":[{"count":1,"href":"https:\/\/www.burkinasaracanarias.org\/web2\/wp-json\/wp\/v2\/pages\/21\/revisions"}],"predecessor-version":[{"id":22,"href":"https:\/\/www.burkinasaracanarias.org\/web2\/wp-json\/wp\/v2\/pages\/21\/revisions\/22"}],"wp:attachment":[{"href":"https:\/\/www.burkinasaracanarias.org\/web2\/wp-json\/wp\/v2\/media?parent=21"}],"curies":[{"name":"wp","href":"https:\/\/api.w.org\/{rel}","templated":true}]}}