{"id":8,"date":"2023-06-03T14:47:13","date_gmt":"2023-06-03T14:47:13","guid":{"rendered":"http:\/\/www.burkinasaracanarias.org\/web2\/?page_id=8"},"modified":"2023-06-03T17:08:51","modified_gmt":"2023-06-03T17:08:51","slug":"bienvenida","status":"publish","type":"page","link":"https:\/\/www.burkinasaracanarias.org\/web2\/bienvenida\/","title":{"rendered":"Bienvenida"},"content":{"rendered":"\n<p class=\"has-vivid-cyan-blue-color has-text-color has-link-color wp-elements-59874f6a2e67bb21f14b6a94d579422e\"><strong><a href=\"http:\/\/www.burkinasaracanarias.org\/web2\/\">&lt;&#8211; IR A INICIO<\/a><\/strong><\/p>\n\n\n\n<p>Somos un grupo mayoritariamente formado por mujeres con experiencia en el mundo de la cooperaci\u00f3n al desarrollo en diferentes pa\u00edses de \u00c1frica y Sudam\u00e9rica. A finales del 2008 en un viaje por Burkina Faso, dos de nuestras cooperantes conocieron una zona rural donde no trabajaba ninguna ONG y con muchas necesidades en salud y educaci\u00f3n que no eran cubiertas con los recursos del gobierno. En dicho viaje se contact\u00f3 con personal local y se conocieron diferentes poblaciones, reuni\u00e9ndose con sus habitantes para conocer de primera mano sus necesidades.<\/p>\n\n\n\n<p>A la vuelta de dicho viaje se plantea constituir una asociaci\u00f3n con el objetivo de desarrollar proyectos de cooperaci\u00f3n al desarrollo en Burkina Faso. Con una filosof\u00eda que fomente la autonom\u00eda y empoderamiento, donde los proyectos sean propuestos por los propios beneficiarios y ejecutados por el personal local burkinab\u00e9 con el apoyo de nuestros cooperantes-voluntarios. De esta forma los proyectos dan respuesta a sus necesidades reales, reconociendo y apoyando el trabajo del personal local.<\/p>\n\n\n\n<p>Actualmente llevamos m\u00e1s de 10 a\u00f1os desarrollando proyectos de cooperaci\u00f3n al desarrollo en el \u00e1mbito de la salud y educativo, as\u00ed como apoyo con microcr\u00e9ditos, constituci\u00f3n de cooperativa de mujeres, atenci\u00f3n urgente a casos especiales, apoyo con becas a estudiantes, etc.<\/p>\n","protected":false},"excerpt":{"rendered":"<p>&lt;&#8211; IR A INICIO Somos un grupo mayoritariamente formado por mujeres con experiencia en el mundo de la cooperaci\u00f3n al desarrollo en diferentes pa\u00edses de \u00c1frica y Sudam\u00e9rica. A finales del 2008 en un viaje por Burkina Faso, dos de nuestras cooperantes conocieron una zona rural donde no trabajaba ninguna ONG y con muchas necesidades [&hellip;]<\/p>\n","protected":false},"author":1,"featured_media":0,"parent":0,"menu_order":1,"comment_status":"closed","ping_status":"closed","template":"","meta":{"footnotes":""},"class_list":["post-8","page","type-page","status-publish","hentry"],"_links":{"self":[{"href":"https:\/\/www.burkinasaracanarias.org\/web2\/wp-json\/wp\/v2\/pages\/8","targetHints":{"allow":["GET"]}}],"collection":[{"href":"https:\/\/www.burkinasaracanarias.org\/web2\/wp-json\/wp\/v2\/pages"}],"about":[{"href":"https:\/\/www.burkinasaracanarias.org\/web2\/wp-json\/wp\/v2\/types\/page"}],"author":[{"embeddable":true,"href":"https:\/\/www.burkinasaracanarias.org\/web2\/wp-json\/wp\/v2\/users\/1"}],"replies":[{"embeddable":true,"href":"https:\/\/www.burkinasaracanarias.org\/web2\/wp-json\/wp\/v2\/comments?post=8"}],"version-history":[{"count":4,"href":"https:\/\/www.burkinasaracanarias.org\/web2\/wp-json\/wp\/v2\/pages\/8\/revisions"}],"predecessor-version":[{"id":110,"href":"https:\/\/www.burkinasaracanarias.org\/web2\/wp-json\/wp\/v2\/pages\/8\/revisions\/110"}],"wp:attachment":[{"href":"https:\/\/www.burkinasaracanarias.org\/web2\/wp-json\/wp\/v2\/media?parent=8"}],"curies":[{"name":"wp","href":"https:\/\/api.w.org\/{rel}","templated":true}]}}