{"id":91,"date":"2023-06-03T15:54:55","date_gmt":"2023-06-03T15:54:55","guid":{"rendered":"http:\/\/www.burkinasaracanarias.org\/web2\/?page_id=91"},"modified":"2023-06-03T15:55:12","modified_gmt":"2023-06-03T15:55:12","slug":"contactar-con-burkinasara-canarias","status":"publish","type":"page","link":"https:\/\/www.burkinasaracanarias.org\/web2\/contactar-con-burkinasara-canarias\/","title":{"rendered":"Contactar con Burkinasara Canarias"},"content":{"rendered":"\n<p><img loading=\"lazy\" decoding=\"async\" src=\"http:\/\/www.burkinasaracanarias.org\/web\/images\/menus\/Menus-Burki_contactar.png\" alt=\"BURKINASARA CANARIAS -  CONTACTAR\" width=\"150\" height=\"150\">Informaci\u00f3n sobre Contactar:<\/p>\n\n\n\n<p>Puede contactar con nosotros a trav\u00e9s de los siguientes tel\u00e9fonos, e-mail y direcci\u00f3n postal.<\/p>\n\n\n\n<p>\u00a1Recuerde que seg\u00fan la ley de Protecci\u00f3n de datos, el contactar con nosotros llevar\u00e1 aparejado el hecho ineludible y aceptado espec\u00edfica e inequ\u00edvocamente mediante formulario web, el que podamos ponernos en contacto con usted.! (RGPD)<\/p>\n\n\n\n<p>Seleccione el formulario de la izquierda para enviar su consulta o use los datos y horarios descritos informaci\u00f3n de contacto para contactar directamente con Burkinasara Canarias. Haga clic sobre la opci\u00f3n que desee en el men\u00fa&nbsp;lateral.<\/p>\n\n\n\n<p><strong>Tel\u00e9fono:<\/strong>&nbsp;+34&nbsp;928 905 334<\/p>\n\n\n\n<p><strong>Messenger:<\/strong>&nbsp;m.me\/www.burkinasaracanarias.org<\/p>\n\n\n\n<p><strong>E-mail:<\/strong>&nbsp;<a href=\"mailto:burkinasara@hotmail.com\">burkinasara@hotmail.com<\/a><\/p>\n\n\n\n<p><strong>Web:<\/strong>&nbsp;<a href=\"http:\/\/www.burkinasaracanarias.org\/\">http:\/\/www.burkinasaracanarias.org<\/a><\/p>\n","protected":false},"excerpt":{"rendered":"<p>Informaci\u00f3n sobre Contactar: Puede contactar con nosotros a trav\u00e9s de los siguientes tel\u00e9fonos, e-mail y direcci\u00f3n postal. \u00a1Recuerde que seg\u00fan la ley de Protecci\u00f3n de datos, el contactar con nosotros llevar\u00e1 aparejado el hecho ineludible y aceptado espec\u00edfica e inequ\u00edvocamente mediante formulario web, el que podamos ponernos en contacto con usted.! (RGPD) Seleccione el formulario [&hellip;]<\/p>\n","protected":false},"author":1,"featured_media":0,"parent":0,"menu_order":9,"comment_status":"closed","ping_status":"closed","template":"","meta":{"footnotes":""},"class_list":["post-91","page","type-page","status-publish","hentry"],"_links":{"self":[{"href":"https:\/\/www.burkinasaracanarias.org\/web2\/wp-json\/wp\/v2\/pages\/91","targetHints":{"allow":["GET"]}}],"collection":[{"href":"https:\/\/www.burkinasaracanarias.org\/web2\/wp-json\/wp\/v2\/pages"}],"about":[{"href":"https:\/\/www.burkinasaracanarias.org\/web2\/wp-json\/wp\/v2\/types\/page"}],"author":[{"embeddable":true,"href":"https:\/\/www.burkinasaracanarias.org\/web2\/wp-json\/wp\/v2\/users\/1"}],"replies":[{"embeddable":true,"href":"https:\/\/www.burkinasaracanarias.org\/web2\/wp-json\/wp\/v2\/comments?post=91"}],"version-history":[{"count":1,"href":"https:\/\/www.burkinasaracanarias.org\/web2\/wp-json\/wp\/v2\/pages\/91\/revisions"}],"predecessor-version":[{"id":92,"href":"https:\/\/www.burkinasaracanarias.org\/web2\/wp-json\/wp\/v2\/pages\/91\/revisions\/92"}],"wp:attachment":[{"href":"https:\/\/www.burkinasaracanarias.org\/web2\/wp-json\/wp\/v2\/media?parent=91"}],"curies":[{"name":"wp","href":"https:\/\/api.w.org\/{rel}","templated":true}]}}